{"id":12106,"date":"2018-10-15T13:34:37","date_gmt":"2018-10-15T18:34:37","guid":{"rendered":"https:\/\/www.sprim.com\/healthcare-consulting\/"},"modified":"2019-06-25T18:27:10","modified_gmt":"2019-06-25T23:27:10","slug":"healthcare-consulting","status":"publish","type":"page","link":"https:\/\/www.sprim.com\/es\/healthcare-consulting\/","title":{"rendered":"Consultor\u00eda"},"content":{"rendered":"<h3><span class=\"TextRun Highlight BCX0 SCXP245482876\" lang=\"ES-MX\" xml:lang=\"ES-MX\" data-contrast=\"none\"><span class=\"NormalTextRun BCX0 SCXP245482876\">Ofrecemos servicios integrales de consultor\u00eda para el ciclo de vida de\u00a0<\/span><\/span><span class=\"TextRun Highlight BCX0 SCXP245482876\" lang=\"ES-MX\" xml:lang=\"ES-MX\" data-contrast=\"none\"><span class=\"NormalTextRun BCX0 SCXP245482876\">un producto o negocio<\/span><\/span>.<\/h3>\n<p>Desde la idea\/creaci\u00f3n, hasta la entrada en el mercado y posicionamiento; lo hacemos todo. Somos innovadores, estrategas, cient\u00edficos y m\u00e9dicos; juntos ayudamos a nuestros clientes a construir el futuro de la salud.<\/p>\n<p>Hacemos todo con una perspectiva de consumidor, establecemos estrategias ganadoras con resultados comerciales.<\/p>\n","protected":false},"excerpt":{"rendered":"<p>Ofrecemos servicios integrales de consultor\u00eda para el ciclo de vida de\u00a0un producto o negocio. Desde la idea\/creaci\u00f3n, hasta la entrada en el mercado y posicionamiento; lo hacemos todo. Somos innovadores, estrategas, cient\u00edficos y m\u00e9dicos; juntos ayudamos a nuestros clientes a &#8230; <a class=\"read-more\" href=\"https:\/\/www.sprim.com\/es\/healthcare-consulting\/\">Read More&nbsp;<i class=\"fas fa-angle-double-right\" style=\"display: inline\"><\/i><\/a><\/p>\n","protected":false},"author":12,"featured_media":0,"parent":0,"menu_order":0,"comment_status":"closed","ping_status":"closed","template":"","meta":{"_relevanssi_hide_post":"","_relevanssi_hide_content":"","_relevanssi_pin_for_all":"","_relevanssi_pin_keywords":"","_relevanssi_unpin_keywords":"","_relevanssi_related_keywords":"","_relevanssi_related_include_ids":"","_relevanssi_related_exclude_ids":"","_relevanssi_related_no_append":"","_relevanssi_related_not_related":"","_relevanssi_related_posts":"","_relevanssi_noindex_reason":""},"acf":[],"_links":{"self":[{"href":"https:\/\/www.sprim.com\/es\/wp-json\/wp\/v2\/pages\/12106"}],"collection":[{"href":"https:\/\/www.sprim.com\/es\/wp-json\/wp\/v2\/pages"}],"about":[{"href":"https:\/\/www.sprim.com\/es\/wp-json\/wp\/v2\/types\/page"}],"author":[{"embeddable":true,"href":"https:\/\/www.sprim.com\/es\/wp-json\/wp\/v2\/users\/12"}],"replies":[{"embeddable":true,"href":"https:\/\/www.sprim.com\/es\/wp-json\/wp\/v2\/comments?post=12106"}],"version-history":[{"count":0,"href":"https:\/\/www.sprim.com\/es\/wp-json\/wp\/v2\/pages\/12106\/revisions"}],"wp:attachment":[{"href":"https:\/\/www.sprim.com\/es\/wp-json\/wp\/v2\/media?parent=12106"}],"curies":[{"name":"wp","href":"https:\/\/api.w.org\/{rel}","templated":true}]}}