{"id":12115,"date":"2018-09-23T17:34:12","date_gmt":"2018-09-23T22:34:12","guid":{"rendered":"https:\/\/www.sprim.com\/healthcare-consulting\/strategy-innovation\/"},"modified":"2019-04-08T14:25:45","modified_gmt":"2019-04-08T19:25:45","slug":"strategy-innovation","status":"publish","type":"page","link":"https:\/\/www.sprim.com\/es\/healthcare-consulting\/strategy-innovation\/","title":{"rendered":"Estrategia e innovaci\u00f3n"},"content":{"rendered":"<h2>Innovando las Mejores Tecnolog\u00edas y Productos para Llevarlas a los Mercados Adecuados<\/h2>\n<p>Nuestro equipo de Estrategia e Innovaci\u00f3n es un socio de consultor\u00eda de servicio completo que lo ayuda en todas las etapas de la innovaci\u00f3n.Nuestras ofertas son \u00fanicas porque tomamos un enfoque global y empresarial para la industria. No solo tenemos un profundo conocimiento cient\u00edfico en todas las \u00e1reas terap\u00e9uticas, tambi\u00e9n somos tecn\u00f3logos expertos en salud digital, inteligencia artificial y biotecnolog\u00eda. Es una combinaci\u00f3n de rigor cient\u00edfico, informaci\u00f3n comercial y red empresarial para ofrecer resultados.<\/p>\n","protected":false},"excerpt":{"rendered":"<p>Innovando las Mejores Tecnolog\u00edas y Productos para Llevarlas a los Mercados Adecuados Nuestro equipo de Estrategia e Innovaci\u00f3n es un socio de consultor\u00eda de servicio completo que lo ayuda en todas las etapas de la innovaci\u00f3n.Nuestras ofertas son \u00fanicas porque &#8230; <a class=\"read-more\" href=\"https:\/\/www.sprim.com\/es\/healthcare-consulting\/strategy-innovation\/\">Read More&nbsp;<i class=\"fas fa-angle-double-right\" style=\"display: inline\"><\/i><\/a><\/p>\n","protected":false},"author":2,"featured_media":0,"parent":12106,"menu_order":0,"comment_status":"closed","ping_status":"closed","template":"","meta":{"_relevanssi_hide_post":"","_relevanssi_hide_content":"","_relevanssi_pin_for_all":"","_relevanssi_pin_keywords":"","_relevanssi_unpin_keywords":"","_relevanssi_related_keywords":"","_relevanssi_related_include_ids":"","_relevanssi_related_exclude_ids":"","_relevanssi_related_no_append":"","_relevanssi_related_not_related":"","_relevanssi_related_posts":"","_relevanssi_noindex_reason":""},"acf":[],"_links":{"self":[{"href":"https:\/\/www.sprim.com\/es\/wp-json\/wp\/v2\/pages\/12115"}],"collection":[{"href":"https:\/\/www.sprim.com\/es\/wp-json\/wp\/v2\/pages"}],"about":[{"href":"https:\/\/www.sprim.com\/es\/wp-json\/wp\/v2\/types\/page"}],"author":[{"embeddable":true,"href":"https:\/\/www.sprim.com\/es\/wp-json\/wp\/v2\/users\/2"}],"replies":[{"embeddable":true,"href":"https:\/\/www.sprim.com\/es\/wp-json\/wp\/v2\/comments?post=12115"}],"version-history":[{"count":0,"href":"https:\/\/www.sprim.com\/es\/wp-json\/wp\/v2\/pages\/12115\/revisions"}],"up":[{"embeddable":true,"href":"https:\/\/www.sprim.com\/es\/wp-json\/wp\/v2\/pages\/12106"}],"wp:attachment":[{"href":"https:\/\/www.sprim.com\/es\/wp-json\/wp\/v2\/media?parent=12115"}],"curies":[{"name":"wp","href":"https:\/\/api.w.org\/{rel}","templated":true}]}}