{"id":12121,"date":"2018-10-15T11:06:00","date_gmt":"2018-10-15T16:06:00","guid":{"rendered":"https:\/\/www.sprim.com\/healthcare-consulting\/research-clinical-services\/"},"modified":"2019-04-01T20:16:25","modified_gmt":"2019-04-02T01:16:25","slug":"research-clinical-services","status":"publish","type":"page","link":"https:\/\/www.sprim.com\/es\/healthcare-consulting\/research-clinical-services\/","title":{"rendered":"Investigaci\u00f3n y Servicios Cl\u00ednicos"},"content":{"rendered":"<h2>Desarrollo y Ejecuci\u00f3n de Investigaci\u00f3n Cient\u00edfica de Alto Impacto<\/h2>\n<p><span class=\"TextRun Highlight SCXW207703215\" lang=\"ES-MX\" xml:lang=\"ES-MX\"><span class=\"NormalTextRun SCXW207703215\">Somos una CRO l\u00edder, con una huella global y digital en la salud del consumidor, nutrici\u00f3n y dispositivos m\u00e9dicos.<\/span><\/span><\/p>\n","protected":false},"excerpt":{"rendered":"<p>Desarrollo y Ejecuci\u00f3n de Investigaci\u00f3n Cient\u00edfica de Alto Impacto Somos una CRO l\u00edder, con una huella global y digital en la salud del consumidor, nutrici\u00f3n y dispositivos m\u00e9dicos.<\/p>\n","protected":false},"author":12,"featured_media":0,"parent":12106,"menu_order":0,"comment_status":"closed","ping_status":"closed","template":"","meta":{"_relevanssi_hide_post":"","_relevanssi_hide_content":"","_relevanssi_pin_for_all":"","_relevanssi_pin_keywords":"","_relevanssi_unpin_keywords":"","_relevanssi_related_keywords":"","_relevanssi_related_include_ids":"","_relevanssi_related_exclude_ids":"","_relevanssi_related_no_append":"","_relevanssi_related_not_related":"","_relevanssi_related_posts":"","_relevanssi_noindex_reason":""},"acf":[],"_links":{"self":[{"href":"https:\/\/www.sprim.com\/es\/wp-json\/wp\/v2\/pages\/12121"}],"collection":[{"href":"https:\/\/www.sprim.com\/es\/wp-json\/wp\/v2\/pages"}],"about":[{"href":"https:\/\/www.sprim.com\/es\/wp-json\/wp\/v2\/types\/page"}],"author":[{"embeddable":true,"href":"https:\/\/www.sprim.com\/es\/wp-json\/wp\/v2\/users\/12"}],"replies":[{"embeddable":true,"href":"https:\/\/www.sprim.com\/es\/wp-json\/wp\/v2\/comments?post=12121"}],"version-history":[{"count":0,"href":"https:\/\/www.sprim.com\/es\/wp-json\/wp\/v2\/pages\/12121\/revisions"}],"up":[{"embeddable":true,"href":"https:\/\/www.sprim.com\/es\/wp-json\/wp\/v2\/pages\/12106"}],"wp:attachment":[{"href":"https:\/\/www.sprim.com\/es\/wp-json\/wp\/v2\/media?parent=12121"}],"curies":[{"name":"wp","href":"https:\/\/api.w.org\/{rel}","templated":true}]}}