{"id":12126,"date":"2018-10-15T13:50:47","date_gmt":"2018-10-15T18:50:47","guid":{"rendered":"https:\/\/www.sprim.com\/healthcare-consulting\/regulatory-scientific-affairs\/"},"modified":"2019-04-03T13:57:33","modified_gmt":"2019-04-03T18:57:33","slug":"regulatory-scientific-affairs","status":"publish","type":"page","link":"https:\/\/www.sprim.com\/es\/regulatory-scientific-affairs\/","title":{"rendered":"Regulatory and Scientific Affairs-es"},"content":{"rendered":"<h2>M\u00e1s de 60 pa\u00edses cubiertos diariamente.<\/h2>\n<p>Ofrecemos una gama completa de servicios regulatorios que incluyen cumplimiento normativo, path-to-market, path-to-claim, registro de productos y estrategia regulatoria para las industrias de alimentos, suplementos diet\u00e9ticos, cosm\u00e9ticos, cuidado personal, productos farmac\u00e9uticos y dispositivos m\u00e9dicos.<\/p>\n","protected":false},"excerpt":{"rendered":"<p>M\u00e1s de 60 pa\u00edses cubiertos diariamente. Ofrecemos una gama completa de servicios regulatorios que incluyen cumplimiento normativo, path-to-market, path-to-claim, registro de productos y estrategia regulatoria para las industrias de alimentos, suplementos diet\u00e9ticos, cosm\u00e9ticos, cuidado personal, productos farmac\u00e9uticos y dispositivos m\u00e9dicos.<\/p>\n","protected":false},"author":12,"featured_media":0,"parent":0,"menu_order":0,"comment_status":"closed","ping_status":"closed","template":"","meta":{"_relevanssi_hide_post":"","_relevanssi_hide_content":"","_relevanssi_pin_for_all":"","_relevanssi_pin_keywords":"","_relevanssi_unpin_keywords":"","_relevanssi_related_keywords":"","_relevanssi_related_include_ids":"","_relevanssi_related_exclude_ids":"","_relevanssi_related_no_append":"","_relevanssi_related_not_related":"","_relevanssi_related_posts":"","_relevanssi_noindex_reason":""},"acf":[],"_links":{"self":[{"href":"https:\/\/www.sprim.com\/es\/wp-json\/wp\/v2\/pages\/12126"}],"collection":[{"href":"https:\/\/www.sprim.com\/es\/wp-json\/wp\/v2\/pages"}],"about":[{"href":"https:\/\/www.sprim.com\/es\/wp-json\/wp\/v2\/types\/page"}],"author":[{"embeddable":true,"href":"https:\/\/www.sprim.com\/es\/wp-json\/wp\/v2\/users\/12"}],"replies":[{"embeddable":true,"href":"https:\/\/www.sprim.com\/es\/wp-json\/wp\/v2\/comments?post=12126"}],"version-history":[{"count":0,"href":"https:\/\/www.sprim.com\/es\/wp-json\/wp\/v2\/pages\/12126\/revisions"}],"wp:attachment":[{"href":"https:\/\/www.sprim.com\/es\/wp-json\/wp\/v2\/media?parent=12126"}],"curies":[{"name":"wp","href":"https:\/\/api.w.org\/{rel}","templated":true}]}}