{"id":12130,"date":"2018-10-15T15:09:31","date_gmt":"2018-10-15T20:09:31","guid":{"rendered":"https:\/\/www.sprim.com\/healthcare-consulting\/medical-marketing-engagement\/"},"modified":"2019-04-01T20:07:42","modified_gmt":"2019-04-02T01:07:42","slug":"medical-marketing-engagement","status":"publish","type":"page","link":"https:\/\/www.sprim.com\/es\/medical-marketing-engagement\/","title":{"rendered":"Marketing m\u00e9dico"},"content":{"rendered":"<h2>Establecemos y Construimos Credibilidad para Su Marca.<\/h2>\n<p>Nuestros servicios de marketing m\u00e9dico utilizan la tecnolog\u00eda de marketing digital para llegar e interactuar con pacientes y proveedores de atenci\u00f3n m\u00e9dica. Nos involucraremos con l\u00edderes de opini\u00f3n clave y proveedores de atenci\u00f3n m\u00e9dica para controlar las percepciones y aumentar la credibilidad de su marca.<\/p>\n","protected":false},"excerpt":{"rendered":"<p>Establecemos y Construimos Credibilidad para Su Marca. Nuestros servicios de marketing m\u00e9dico utilizan la tecnolog\u00eda de marketing digital para llegar e interactuar con pacientes y proveedores de atenci\u00f3n m\u00e9dica. Nos involucraremos con l\u00edderes de opini\u00f3n clave y proveedores de atenci\u00f3n &#8230; <a class=\"read-more\" href=\"https:\/\/www.sprim.com\/es\/medical-marketing-engagement\/\">Read More&nbsp;<i class=\"fas fa-angle-double-right\" style=\"display: inline\"><\/i><\/a><\/p>\n","protected":false},"author":12,"featured_media":0,"parent":0,"menu_order":0,"comment_status":"closed","ping_status":"closed","template":"","meta":{"_relevanssi_hide_post":"","_relevanssi_hide_content":"","_relevanssi_pin_for_all":"","_relevanssi_pin_keywords":"","_relevanssi_unpin_keywords":"","_relevanssi_related_keywords":"","_relevanssi_related_include_ids":"","_relevanssi_related_exclude_ids":"","_relevanssi_related_no_append":"","_relevanssi_related_not_related":"","_relevanssi_related_posts":"","_relevanssi_noindex_reason":""},"acf":[],"_links":{"self":[{"href":"https:\/\/www.sprim.com\/es\/wp-json\/wp\/v2\/pages\/12130"}],"collection":[{"href":"https:\/\/www.sprim.com\/es\/wp-json\/wp\/v2\/pages"}],"about":[{"href":"https:\/\/www.sprim.com\/es\/wp-json\/wp\/v2\/types\/page"}],"author":[{"embeddable":true,"href":"https:\/\/www.sprim.com\/es\/wp-json\/wp\/v2\/users\/12"}],"replies":[{"embeddable":true,"href":"https:\/\/www.sprim.com\/es\/wp-json\/wp\/v2\/comments?post=12130"}],"version-history":[{"count":0,"href":"https:\/\/www.sprim.com\/es\/wp-json\/wp\/v2\/pages\/12130\/revisions"}],"wp:attachment":[{"href":"https:\/\/www.sprim.com\/es\/wp-json\/wp\/v2\/media?parent=12130"}],"curies":[{"name":"wp","href":"https:\/\/api.w.org\/{rel}","templated":true}]}}