{"id":12139,"date":"2010-07-21T22:06:41","date_gmt":"2010-07-22T03:06:41","guid":{"rendered":"https:\/\/www.sprim.com\/about\/"},"modified":"2019-12-06T14:31:45","modified_gmt":"2019-12-06T20:31:45","slug":"about","status":"publish","type":"page","link":"https:\/\/www.sprim.com\/es\/about\/","title":{"rendered":"Acerca de nosotros"},"content":{"rendered":"<h2>Acerca de SPRIM<\/h2>\n<p>SPRIM es una agencia de consultor\u00eda para el ciclo de vida completa de producto, centrada en la salud, que ofrece un modelo de servicio integrado para manejar todos los aspectos de la investigaci\u00f3n y el desarrollo en ciencias de la vida y salud humana. Desde categor\u00edas tradicionales como nutrici\u00f3n, cosm\u00e9ticos, cuidado personal y productos farmac\u00e9uticos hasta la nueva frontera de la salud digital, trabajamos para ofrecer soluciones de salud ganadoras y resultados comerciales tangibles.<\/p>\n<p><a class=\"text-button\" href=\"https:\/\/www.sprim.com\/es\/case-studies\/\">Vea C\u00f3mo lo hacemos<\/a><\/p>\n<h3>Nuestra Misi\u00f3n<\/h3>\n<p>Maximizar el potencial comercial de nuestros clientes, brindando experiencia cient\u00edfica y emprendedora para crear en conjunto soluciones nuevas, innovadoras y audaces para los problemas de salud m\u00e1s grandes del mundo.<\/p>\n","protected":false},"excerpt":{"rendered":"<p>Acerca de SPRIM SPRIM es una agencia de consultor\u00eda para el ciclo de vida completa de producto, centrada en la salud, que ofrece un modelo de servicio integrado para manejar todos los aspectos de la investigaci\u00f3n y el desarrollo en &#8230; <a class=\"read-more\" href=\"https:\/\/www.sprim.com\/es\/about\/\">Read More&nbsp;<i class=\"fas fa-angle-double-right\" style=\"display: inline\"><\/i><\/a><\/p>\n","protected":false},"author":2,"featured_media":0,"parent":0,"menu_order":2,"comment_status":"open","ping_status":"closed","template":"","meta":{"_relevanssi_hide_post":"","_relevanssi_hide_content":"","_relevanssi_pin_for_all":"","_relevanssi_pin_keywords":"","_relevanssi_unpin_keywords":"","_relevanssi_related_keywords":"","_relevanssi_related_include_ids":"","_relevanssi_related_exclude_ids":"","_relevanssi_related_no_append":"","_relevanssi_related_not_related":"","_relevanssi_related_posts":"","_relevanssi_noindex_reason":""},"acf":[],"_links":{"self":[{"href":"https:\/\/www.sprim.com\/es\/wp-json\/wp\/v2\/pages\/12139"}],"collection":[{"href":"https:\/\/www.sprim.com\/es\/wp-json\/wp\/v2\/pages"}],"about":[{"href":"https:\/\/www.sprim.com\/es\/wp-json\/wp\/v2\/types\/page"}],"author":[{"embeddable":true,"href":"https:\/\/www.sprim.com\/es\/wp-json\/wp\/v2\/users\/2"}],"replies":[{"embeddable":true,"href":"https:\/\/www.sprim.com\/es\/wp-json\/wp\/v2\/comments?post=12139"}],"version-history":[{"count":0,"href":"https:\/\/www.sprim.com\/es\/wp-json\/wp\/v2\/pages\/12139\/revisions"}],"wp:attachment":[{"href":"https:\/\/www.sprim.com\/es\/wp-json\/wp\/v2\/media?parent=12139"}],"curies":[{"name":"wp","href":"https:\/\/api.w.org\/{rel}","templated":true}]}}