{"id":12043,"date":"2018-10-15T13:34:37","date_gmt":"2018-10-15T18:34:37","guid":{"rendered":"https:\/\/www.sprim.com\/healthcare-consulting\/"},"modified":"2019-04-08T13:13:40","modified_gmt":"2019-04-08T18:13:40","slug":"healthcare-consulting","status":"publish","type":"page","link":"https:\/\/www.sprim.com\/pt-br\/healthcare-consulting\/","title":{"rendered":"Consultoria"},"content":{"rendered":"<h2>Oferecemos servi\u00e7os integrados de consultoria na \u00c1rea da Sa\u00fade para todo o ciclo de vida de um produto ou neg\u00f3cio.<\/h2>\n<p>Desde a idealiza\u00e7\u00e3o da entrada no mercado at\u00e9 a gest\u00e3o de reputa\u00e7\u00e3o.<\/p>\n<p>Inova\u00e7\u00e3o, estrat\u00e9gia, know-how cient\u00edfico e m\u00e9dico, an\u00e1lise de mercado, mapeamento de influenciadores e customiza\u00e7\u00e3o de mensagens chaves, &nbsp;est\u00e3o presentes ajudando nossos clientes a construir o futuro da sa\u00fade.<\/p>\n<p>Nossos principais servi\u00e7os incluem quatro \u00e1reas globais de atua\u00e7\u00e3o: Estrat\u00e9gia e Inova\u00e7\u00e3o, Pesquisa e Servi\u00e7os Cl\u00ednicos, Assuntos Cient\u00edfios e Regulat\u00f3rios, bem como Engajamento e Marketing M\u00e9dico. Por meio dessas \u00e1reas, a SPRIM atende clientes, desde a cria\u00e7\u00e3o de um novo produto, passando pela valida\u00e7\u00e3o da pesquisa cl\u00ednica at\u00e9 o registro global, bem como o Plano Estrat\u00e9gico de Comunica\u00e7\u00e3o para os profissionais de sa\u00fade.<\/p>\n<p>Uma de nossas&nbsp; premissas contempla&nbsp; considerar o padr\u00e3o&nbsp; mental\/comportamental&nbsp; do consumidor, definindo estrat\u00e9gias rumo ao sucesso do neg\u00f3cio.<\/p>\n","protected":false},"excerpt":{"rendered":"<p>Oferecemos servi\u00e7os integrados de consultoria na \u00c1rea da Sa\u00fade para todo o ciclo de vida de um produto ou neg\u00f3cio. Desde a idealiza\u00e7\u00e3o da entrada no mercado at\u00e9 a gest\u00e3o de reputa\u00e7\u00e3o. Inova\u00e7\u00e3o, estrat\u00e9gia, know-how cient\u00edfico e m\u00e9dico, an\u00e1lise de &#8230; <a class=\"read-more\" href=\"https:\/\/www.sprim.com\/pt-br\/healthcare-consulting\/\">Read More&nbsp;<i class=\"fas fa-angle-double-right\" style=\"display: inline\"><\/i><\/a><\/p>\n","protected":false},"author":12,"featured_media":0,"parent":0,"menu_order":0,"comment_status":"closed","ping_status":"closed","template":"","meta":{"_relevanssi_hide_post":"","_relevanssi_hide_content":"","_relevanssi_pin_for_all":"","_relevanssi_pin_keywords":"","_relevanssi_unpin_keywords":"","_relevanssi_related_keywords":"","_relevanssi_related_include_ids":"","_relevanssi_related_exclude_ids":"","_relevanssi_related_no_append":"","_relevanssi_related_not_related":"","_relevanssi_related_posts":"","_relevanssi_noindex_reason":""},"acf":[],"_links":{"self":[{"href":"https:\/\/www.sprim.com\/pt-br\/wp-json\/wp\/v2\/pages\/12043"}],"collection":[{"href":"https:\/\/www.sprim.com\/pt-br\/wp-json\/wp\/v2\/pages"}],"about":[{"href":"https:\/\/www.sprim.com\/pt-br\/wp-json\/wp\/v2\/types\/page"}],"author":[{"embeddable":true,"href":"https:\/\/www.sprim.com\/pt-br\/wp-json\/wp\/v2\/users\/12"}],"replies":[{"embeddable":true,"href":"https:\/\/www.sprim.com\/pt-br\/wp-json\/wp\/v2\/comments?post=12043"}],"version-history":[{"count":0,"href":"https:\/\/www.sprim.com\/pt-br\/wp-json\/wp\/v2\/pages\/12043\/revisions"}],"wp:attachment":[{"href":"https:\/\/www.sprim.com\/pt-br\/wp-json\/wp\/v2\/media?parent=12043"}],"curies":[{"name":"wp","href":"https:\/\/api.w.org\/{rel}","templated":true}]}}