{"id":12053,"date":"2018-10-15T11:06:00","date_gmt":"2018-10-15T16:06:00","guid":{"rendered":"https:\/\/www.sprim.com\/healthcare-consulting\/research-clinical-services\/"},"modified":"2019-04-08T12:14:35","modified_gmt":"2019-04-08T17:14:35","slug":"research-clinical-services","status":"publish","type":"page","link":"https:\/\/www.sprim.com\/pt-br\/healthcare-consulting\/research-clinical-services\/","title":{"rendered":"Pesquisa e Servi\u00e7os Cl\u00ednicos"},"content":{"rendered":"<h2>Desenvolvimento e Execu\u00e7\u00e3o de Pesquisa Cient\u00edfica de alto impacto<\/h2>\n<p>Somos um CRO l\u00edder com uma abrang\u00eancia global e digital em sa\u00fade, nutri\u00e7\u00e3o e dispositivos m\u00e9dicos.<\/p>\n","protected":false},"excerpt":{"rendered":"<p>Desenvolvimento e Execu\u00e7\u00e3o de Pesquisa Cient\u00edfica de alto impacto Somos um CRO l\u00edder com uma abrang\u00eancia global e digital em sa\u00fade, nutri\u00e7\u00e3o e dispositivos m\u00e9dicos.<\/p>\n","protected":false},"author":12,"featured_media":0,"parent":12043,"menu_order":0,"comment_status":"closed","ping_status":"closed","template":"","meta":{"_relevanssi_hide_post":"","_relevanssi_hide_content":"","_relevanssi_pin_for_all":"","_relevanssi_pin_keywords":"","_relevanssi_unpin_keywords":"","_relevanssi_related_keywords":"","_relevanssi_related_include_ids":"","_relevanssi_related_exclude_ids":"","_relevanssi_related_no_append":"","_relevanssi_related_not_related":"","_relevanssi_related_posts":"","_relevanssi_noindex_reason":""},"acf":[],"_links":{"self":[{"href":"https:\/\/www.sprim.com\/pt-br\/wp-json\/wp\/v2\/pages\/12053"}],"collection":[{"href":"https:\/\/www.sprim.com\/pt-br\/wp-json\/wp\/v2\/pages"}],"about":[{"href":"https:\/\/www.sprim.com\/pt-br\/wp-json\/wp\/v2\/types\/page"}],"author":[{"embeddable":true,"href":"https:\/\/www.sprim.com\/pt-br\/wp-json\/wp\/v2\/users\/12"}],"replies":[{"embeddable":true,"href":"https:\/\/www.sprim.com\/pt-br\/wp-json\/wp\/v2\/comments?post=12053"}],"version-history":[{"count":0,"href":"https:\/\/www.sprim.com\/pt-br\/wp-json\/wp\/v2\/pages\/12053\/revisions"}],"up":[{"embeddable":true,"href":"https:\/\/www.sprim.com\/pt-br\/wp-json\/wp\/v2\/pages\/12043"}],"wp:attachment":[{"href":"https:\/\/www.sprim.com\/pt-br\/wp-json\/wp\/v2\/media?parent=12053"}],"curies":[{"name":"wp","href":"https:\/\/api.w.org\/{rel}","templated":true}]}}