{"id":12057,"date":"2018-10-15T13:50:47","date_gmt":"2018-10-15T18:50:47","guid":{"rendered":"https:\/\/www.sprim.com\/healthcare-consulting\/regulatory-scientific-affairs\/"},"modified":"2019-04-03T14:16:49","modified_gmt":"2019-04-03T19:16:49","slug":"regulatory-scientific-affairs","status":"publish","type":"page","link":"https:\/\/www.sprim.com\/pt-br\/regulatory-scientific-affairs\/","title":{"rendered":"Assuntos Cient\u00edficos e Regulat\u00f3rios"},"content":{"rendered":"<h2>Cobertura em mais de 60 pa\u00edses.<\/h2>\n<p>Oferecemos um escopo completo de servi\u00e7os regulat\u00f3rios, incluindo estrat\u00e9gia de Mercado, adequa\u00e7\u00e3o e cria\u00e7\u00e3o de claim, registro de produtos e estrat\u00e9gia regulat\u00f3ria para os setores de alimentos, suplementos diet\u00e9ticos, cosm\u00e9ticos, cuidados pessoais, farmac\u00eauticos e dispositivos m\u00e9dicos.<\/p>\n","protected":false},"excerpt":{"rendered":"<p>Cobertura em mais de 60 pa\u00edses. Oferecemos um escopo completo de servi\u00e7os regulat\u00f3rios, incluindo estrat\u00e9gia de Mercado, adequa\u00e7\u00e3o e cria\u00e7\u00e3o de claim, registro de produtos e estrat\u00e9gia regulat\u00f3ria para os setores de alimentos, suplementos diet\u00e9ticos, cosm\u00e9ticos, cuidados pessoais, farmac\u00eauticos e &#8230; <a class=\"read-more\" href=\"https:\/\/www.sprim.com\/pt-br\/regulatory-scientific-affairs\/\">Read More&nbsp;<i class=\"fas fa-angle-double-right\" style=\"display: inline\"><\/i><\/a><\/p>\n","protected":false},"author":12,"featured_media":0,"parent":0,"menu_order":0,"comment_status":"closed","ping_status":"closed","template":"","meta":{"_relevanssi_hide_post":"","_relevanssi_hide_content":"","_relevanssi_pin_for_all":"","_relevanssi_pin_keywords":"","_relevanssi_unpin_keywords":"","_relevanssi_related_keywords":"","_relevanssi_related_include_ids":"","_relevanssi_related_exclude_ids":"","_relevanssi_related_no_append":"","_relevanssi_related_not_related":"","_relevanssi_related_posts":"","_relevanssi_noindex_reason":""},"acf":[],"_links":{"self":[{"href":"https:\/\/www.sprim.com\/pt-br\/wp-json\/wp\/v2\/pages\/12057"}],"collection":[{"href":"https:\/\/www.sprim.com\/pt-br\/wp-json\/wp\/v2\/pages"}],"about":[{"href":"https:\/\/www.sprim.com\/pt-br\/wp-json\/wp\/v2\/types\/page"}],"author":[{"embeddable":true,"href":"https:\/\/www.sprim.com\/pt-br\/wp-json\/wp\/v2\/users\/12"}],"replies":[{"embeddable":true,"href":"https:\/\/www.sprim.com\/pt-br\/wp-json\/wp\/v2\/comments?post=12057"}],"version-history":[{"count":0,"href":"https:\/\/www.sprim.com\/pt-br\/wp-json\/wp\/v2\/pages\/12057\/revisions"}],"wp:attachment":[{"href":"https:\/\/www.sprim.com\/pt-br\/wp-json\/wp\/v2\/media?parent=12057"}],"curies":[{"name":"wp","href":"https:\/\/api.w.org\/{rel}","templated":true}]}}