{"id":12063,"date":"2018-10-15T15:09:31","date_gmt":"2018-10-15T20:09:31","guid":{"rendered":"https:\/\/www.sprim.com\/healthcare-consulting\/medical-marketing-engagement\/"},"modified":"2019-04-03T14:18:25","modified_gmt":"2019-04-03T19:18:25","slug":"medical-marketing-engagement","status":"publish","type":"page","link":"https:\/\/www.sprim.com\/pt-br\/medical-marketing-engagement\/","title":{"rendered":"Engajamento e Marketing M\u00e9dico"},"content":{"rendered":"<h2>Identificamos e Criamos autoridade para sua marca .<\/h2>\n<p>Nossos servi\u00e7os de marketing m\u00e9dico usam a tecnologia digital para alcan\u00e7ar e interagir com pacientes e profissionais de sa\u00fade. Estamos engajados com os principais formadores de opini\u00e3o com o objetivo de expandir credibilidade da marca.<\/p>\n","protected":false},"excerpt":{"rendered":"<p>Identificamos e Criamos autoridade para sua marca . Nossos servi\u00e7os de marketing m\u00e9dico usam a tecnologia digital para alcan\u00e7ar e interagir com pacientes e profissionais de sa\u00fade. Estamos engajados com os principais formadores de opini\u00e3o com o objetivo de expandir &#8230; <a class=\"read-more\" href=\"https:\/\/www.sprim.com\/pt-br\/medical-marketing-engagement\/\">Read More&nbsp;<i class=\"fas fa-angle-double-right\" style=\"display: inline\"><\/i><\/a><\/p>\n","protected":false},"author":12,"featured_media":0,"parent":0,"menu_order":0,"comment_status":"closed","ping_status":"closed","template":"","meta":{"_relevanssi_hide_post":"","_relevanssi_hide_content":"","_relevanssi_pin_for_all":"","_relevanssi_pin_keywords":"","_relevanssi_unpin_keywords":"","_relevanssi_related_keywords":"","_relevanssi_related_include_ids":"","_relevanssi_related_exclude_ids":"","_relevanssi_related_no_append":"","_relevanssi_related_not_related":"","_relevanssi_related_posts":"","_relevanssi_noindex_reason":""},"acf":[],"_links":{"self":[{"href":"https:\/\/www.sprim.com\/pt-br\/wp-json\/wp\/v2\/pages\/12063"}],"collection":[{"href":"https:\/\/www.sprim.com\/pt-br\/wp-json\/wp\/v2\/pages"}],"about":[{"href":"https:\/\/www.sprim.com\/pt-br\/wp-json\/wp\/v2\/types\/page"}],"author":[{"embeddable":true,"href":"https:\/\/www.sprim.com\/pt-br\/wp-json\/wp\/v2\/users\/12"}],"replies":[{"embeddable":true,"href":"https:\/\/www.sprim.com\/pt-br\/wp-json\/wp\/v2\/comments?post=12063"}],"version-history":[{"count":0,"href":"https:\/\/www.sprim.com\/pt-br\/wp-json\/wp\/v2\/pages\/12063\/revisions"}],"wp:attachment":[{"href":"https:\/\/www.sprim.com\/pt-br\/wp-json\/wp\/v2\/media?parent=12063"}],"curies":[{"name":"wp","href":"https:\/\/api.w.org\/{rel}","templated":true}]}}