{"id":12072,"date":"2010-07-21T22:06:41","date_gmt":"2010-07-22T03:06:41","guid":{"rendered":"https:\/\/www.sprim.com\/about\/"},"modified":"2019-03-22T14:10:35","modified_gmt":"2019-03-22T19:10:35","slug":"about","status":"publish","type":"page","link":"https:\/\/www.sprim.com\/pt-br\/about\/","title":{"rendered":"Sobre n\u00f3s"},"content":{"rendered":"<h2>Sobre a SPRIM<\/h2>\n<p>Consultoria internacional na \u00e1rea da sa\u00fade!<br \/>\nAtuamos no ciclo de vida completo de produto, apresentando um modelo de servi\u00e7o integrado para lidar com todos os aspectos da pesquisa e desenvolvimento em ci\u00eancias e sa\u00fade humana. Desde as categorias tradicionais, como: nutri\u00e7\u00e3o, cosm\u00e9ticos, cuidados pessoais e produtos farmac\u00eauticos \u00e0 nova fronteira da sa\u00fade digital, sempre trabalhando para oferecer solu\u00e7\u00f5es de sa\u00fade e resultados comerciais tang\u00edveis.<\/p>\n<p><a class=\"text-button\" href=\"https:\/\/www.sprim.com\/pt-br\/case-studies\">Como fazemos isso? &nbsp;<\/a><\/p>\n<h3>Nossa miss\u00e3o<\/h3>\n<p>Maximizar o potencial comercial dos nossos clientes, fornecendo conhecimentos cient\u00edficos e empresariais para co-criar solu\u00e7\u00f5es inovadoras com o objetivo de sanar os maiores desafios da sa\u00fade mundialmente.<\/p>\n","protected":false},"excerpt":{"rendered":"<p>Sobre a SPRIM Consultoria internacional na \u00e1rea da sa\u00fade! Atuamos no ciclo de vida completo de produto, apresentando um modelo de servi\u00e7o integrado para lidar com todos os aspectos da pesquisa e desenvolvimento em ci\u00eancias e sa\u00fade humana. Desde as &#8230; <a class=\"read-more\" href=\"https:\/\/www.sprim.com\/pt-br\/about\/\">Read More&nbsp;<i class=\"fas fa-angle-double-right\" style=\"display: inline\"><\/i><\/a><\/p>\n","protected":false},"author":2,"featured_media":0,"parent":0,"menu_order":2,"comment_status":"open","ping_status":"closed","template":"","meta":{"_relevanssi_hide_post":"","_relevanssi_hide_content":"","_relevanssi_pin_for_all":"","_relevanssi_pin_keywords":"","_relevanssi_unpin_keywords":"","_relevanssi_related_keywords":"","_relevanssi_related_include_ids":"","_relevanssi_related_exclude_ids":"","_relevanssi_related_no_append":"","_relevanssi_related_not_related":"","_relevanssi_related_posts":"","_relevanssi_noindex_reason":""},"acf":[],"_links":{"self":[{"href":"https:\/\/www.sprim.com\/pt-br\/wp-json\/wp\/v2\/pages\/12072"}],"collection":[{"href":"https:\/\/www.sprim.com\/pt-br\/wp-json\/wp\/v2\/pages"}],"about":[{"href":"https:\/\/www.sprim.com\/pt-br\/wp-json\/wp\/v2\/types\/page"}],"author":[{"embeddable":true,"href":"https:\/\/www.sprim.com\/pt-br\/wp-json\/wp\/v2\/users\/2"}],"replies":[{"embeddable":true,"href":"https:\/\/www.sprim.com\/pt-br\/wp-json\/wp\/v2\/comments?post=12072"}],"version-history":[{"count":0,"href":"https:\/\/www.sprim.com\/pt-br\/wp-json\/wp\/v2\/pages\/12072\/revisions"}],"wp:attachment":[{"href":"https:\/\/www.sprim.com\/pt-br\/wp-json\/wp\/v2\/media?parent=12072"}],"curies":[{"name":"wp","href":"https:\/\/api.w.org\/{rel}","templated":true}]}}